{"id":4091,"date":"2023-10-09T14:50:43","date_gmt":"2023-10-09T14:50:43","guid":{"rendered":"https:\/\/www.banagida.com\/?page_id=4091"},"modified":"2023-11-02T16:37:09","modified_gmt":"2023-11-02T16:37:09","slug":"gida-urun","status":"publish","type":"page","link":"https:\/\/www.banagida.com\/en\/gida-urun\/","title":{"rendered":"Food Product Groups"},"content":{"rendered":"<div data-elementor-type=\"wp-page\" data-elementor-id=\"4091\" class=\"elementor elementor-4091\" data-elementor-settings=\"{&quot;ha_cmc_init_switcher&quot;:&quot;no&quot;}\" data-elementor-post-type=\"page\">\n\t\t\t\t<div class=\"elementor-element elementor-element-4f8f9c9 e-flex e-con-boxed wpr-particle-no wpr-jarallax-no wpr-parallax-no wpr-sticky-section-no e-con e-parent\" data-id=\"4f8f9c9\" data-element_type=\"container\" data-settings=\"{&quot;_ha_eqh_enable&quot;:false}\">\r\n\t\t\t\t\t<div class=\"e-con-inner\">\r\n\t\t<div class=\"elementor-element elementor-element-f6d09be e-con-full e-flex wpr-particle-no wpr-jarallax-no wpr-parallax-no wpr-sticky-section-no e-con e-child\" data-id=\"f6d09be\" data-element_type=\"container\" data-settings=\"{&quot;_ha_eqh_enable&quot;:false}\">\r\n\t\t\t\t<div class=\"elementor-element elementor-element-eeb3e4a elementor-widget elementor-widget-image\" data-id=\"eeb3e4a\" data-element_type=\"widget\" data-widget_type=\"image.default\">\n\t\t\t\t<div class=\"elementor-widget-container\">\n\t\t\t<style>\/*! elementor - v3.21.0 - 24-04-2024 *\/\n.elementor-widget-image{text-align:center}.elementor-widget-image a{display:inline-block}.elementor-widget-image a img[src$=\".svg\"]{width:48px}.elementor-widget-image img{vertical-align:middle;display:inline-block}<\/style>\t\t\t\t\t\t\t\t\t\t\t<a href=\"https:\/\/www.banagida.com\/en\/kutulu-kayar\/\">\n\t\t\t\t\t\t\t<img fetchpriority=\"high\" decoding=\"async\" width=\"541\" height=\"375\" src=\"https:\/\/www.banagida.com\/wp-content\/uploads\/2023\/10\/kutulustretchfilm1-1.jpg\" class=\"attachment-large size-large wp-image-4220\" alt=\"\" srcset=\"https:\/\/www.banagida.com\/wp-content\/uploads\/2023\/10\/kutulustretchfilm1-1.jpg 541w, https:\/\/www.banagida.com\/wp-content\/uploads\/2023\/10\/kutulustretchfilm1-1-400x277.jpg 400w, https:\/\/www.banagida.com\/wp-content\/uploads\/2023\/10\/kutulustretchfilm1-1-367x254.jpg 367w\" sizes=\"(max-width: 541px) 100vw, 541px\" \/>\t\t\t\t\t\t\t\t<\/a>\n\t\t\t\t\t\t\t\t\t\t\t\t\t<\/div>\n\t\t\t\t<\/div>\n\t\t\t\t<div class=\"elementor-element elementor-element-303a225 elementor-widget elementor-widget-heading\" data-id=\"303a225\" data-element_type=\"widget\" data-widget_type=\"heading.default\">\n\t\t\t\t<div class=\"elementor-widget-container\">\n\t\t\t<style>\/*! elementor - v3.21.0 - 24-04-2024 *\/\n.elementor-heading-title{padding:0;margin:0;line-height:1}.elementor-widget-heading .elementor-heading-title[class*=elementor-size-]>a{color:inherit;font-size:inherit;line-height:inherit}.elementor-widget-heading .elementor-heading-title.elementor-size-small{font-size:15px}.elementor-widget-heading .elementor-heading-title.elementor-size-medium{font-size:19px}.elementor-widget-heading .elementor-heading-title.elementor-size-large{font-size:29px}.elementor-widget-heading .elementor-heading-title.elementor-size-xl{font-size:39px}.elementor-widget-heading .elementor-heading-title.elementor-size-xxl{font-size:59px}<\/style><h4 class=\"elementor-heading-title elementor-size-default\"><a href=\"https:\/\/www.banagida.com\/en\/kutulu-kayar\/\">Boxed Sliding Blade Products<\/a><\/h4>\t\t<\/div>\n\t\t\t\t<\/div>\n\t\t\t\t<\/div>\n\t\t<div class=\"elementor-element elementor-element-fa822e4 e-con-full e-flex wpr-particle-no wpr-jarallax-no wpr-parallax-no wpr-sticky-section-no e-con e-child\" data-id=\"fa822e4\" data-element_type=\"container\" data-settings=\"{&quot;_ha_eqh_enable&quot;:false}\">\r\n\t\t\t\t<div class=\"elementor-element elementor-element-a15064d elementor-widget elementor-widget-image\" data-id=\"a15064d\" data-element_type=\"widget\" data-widget_type=\"image.default\">\n\t\t\t\t<div class=\"elementor-widget-container\">\n\t\t\t\t\t\t\t\t\t\t\t\t\t\t<a href=\"https:\/\/www.banagida.com\/en\/kutusuz-dokme\/\">\n\t\t\t\t\t\t\t<img decoding=\"async\" width=\"541\" height=\"375\" src=\"https:\/\/www.banagida.com\/wp-content\/uploads\/2023\/10\/kutusuz-1-1.jpg\" class=\"attachment-large size-large wp-image-4241\" alt=\"\" srcset=\"https:\/\/www.banagida.com\/wp-content\/uploads\/2023\/10\/kutusuz-1-1.jpg 541w, https:\/\/www.banagida.com\/wp-content\/uploads\/2023\/10\/kutusuz-1-1-400x277.jpg 400w, https:\/\/www.banagida.com\/wp-content\/uploads\/2023\/10\/kutusuz-1-1-367x254.jpg 367w\" sizes=\"(max-width: 541px) 100vw, 541px\" \/>\t\t\t\t\t\t\t\t<\/a>\n\t\t\t\t\t\t\t\t\t\t\t\t\t<\/div>\n\t\t\t\t<\/div>\n\t\t\t\t<div class=\"elementor-element elementor-element-44c8f63 elementor-widget elementor-widget-heading\" data-id=\"44c8f63\" data-element_type=\"widget\" data-widget_type=\"heading.default\">\n\t\t\t\t<div class=\"elementor-widget-container\">\n\t\t\t<h4 class=\"elementor-heading-title elementor-size-default\"><a href=\"https:\/\/www.banagida.com\/en\/kutusuz-dokme\/\">Bulk Stretch Films<\/a><\/h4>\t\t<\/div>\n\t\t\t\t<\/div>\n\t\t\t\t<\/div>\n\t\t<div class=\"elementor-element elementor-element-6e71ef1 e-con-full e-flex wpr-particle-no wpr-jarallax-no wpr-parallax-no wpr-sticky-section-no e-con e-child\" data-id=\"6e71ef1\" data-element_type=\"container\" data-settings=\"{&quot;_ha_eqh_enable&quot;:false}\">\r\n\t\t\t\t<div class=\"elementor-element elementor-element-12e4f47 elementor-widget elementor-widget-image\" data-id=\"12e4f47\" data-element_type=\"widget\" data-widget_type=\"image.default\">\n\t\t\t\t<div class=\"elementor-widget-container\">\n\t\t\t\t\t\t\t\t\t\t\t\t\t\t<a href=\"https:\/\/www.banagida.com\/en\/makine-gida\/\">\n\t\t\t\t\t\t\t<img decoding=\"async\" width=\"541\" height=\"375\" src=\"https:\/\/www.banagida.com\/wp-content\/uploads\/2023\/10\/WhatsApp-Image-2023-10-17-at-13.15.27-1.jpeg\" class=\"attachment-large size-large wp-image-4756\" alt=\"\" srcset=\"https:\/\/www.banagida.com\/wp-content\/uploads\/2023\/10\/WhatsApp-Image-2023-10-17-at-13.15.27-1.jpeg 541w, https:\/\/www.banagida.com\/wp-content\/uploads\/2023\/10\/WhatsApp-Image-2023-10-17-at-13.15.27-1-400x277.jpeg 400w, https:\/\/www.banagida.com\/wp-content\/uploads\/2023\/10\/WhatsApp-Image-2023-10-17-at-13.15.27-1-367x254.jpeg 367w\" sizes=\"(max-width: 541px) 100vw, 541px\" \/>\t\t\t\t\t\t\t\t<\/a>\n\t\t\t\t\t\t\t\t\t\t\t\t\t<\/div>\n\t\t\t\t<\/div>\n\t\t\t\t<div class=\"elementor-element elementor-element-19ee86c elementor-widget elementor-widget-heading\" data-id=\"19ee86c\" data-element_type=\"widget\" data-widget_type=\"heading.default\">\n\t\t\t\t<div class=\"elementor-widget-container\">\n\t\t\t<h4 class=\"elementor-heading-title elementor-size-default\"><a href=\"https:\/\/www.banagida.com\/en\/makine-gida\/\">Machine Type Food Stretch Films<\/a><\/h4>\t\t<\/div>\n\t\t\t\t<\/div>\n\t\t\t\t<\/div>\n\t\t<div class=\"elementor-element elementor-element-244bf25 e-con-full e-flex wpr-particle-no wpr-jarallax-no wpr-parallax-no wpr-sticky-section-no e-con e-child\" data-id=\"244bf25\" data-element_type=\"container\" data-settings=\"{&quot;_ha_eqh_enable&quot;:false}\">\r\n\t\t\t\t<div class=\"elementor-element elementor-element-87cb217 elementor-widget elementor-widget-image\" data-id=\"87cb217\" data-element_type=\"widget\" data-widget_type=\"image.default\">\n\t\t\t\t<div class=\"elementor-widget-container\">\n\t\t\t\t\t\t\t\t\t\t\t\t\t\t<a href=\"https:\/\/www.banagida.com\/en\/doner-strec\/\">\n\t\t\t\t\t\t\t<img loading=\"lazy\" decoding=\"async\" width=\"541\" height=\"375\" src=\"https:\/\/www.banagida.com\/wp-content\/uploads\/2023\/10\/doner.jpg\" class=\"attachment-large size-large wp-image-4223\" alt=\"\" srcset=\"https:\/\/www.banagida.com\/wp-content\/uploads\/2023\/10\/doner.jpg 541w, https:\/\/www.banagida.com\/wp-content\/uploads\/2023\/10\/doner-400x277.jpg 400w, https:\/\/www.banagida.com\/wp-content\/uploads\/2023\/10\/doner-367x254.jpg 367w\" sizes=\"(max-width: 541px) 100vw, 541px\" \/>\t\t\t\t\t\t\t\t<\/a>\n\t\t\t\t\t\t\t\t\t\t\t\t\t<\/div>\n\t\t\t\t<\/div>\n\t\t\t\t<div class=\"elementor-element elementor-element-82fd1a4 elementor-widget elementor-widget-heading\" data-id=\"82fd1a4\" data-element_type=\"widget\" data-widget_type=\"heading.default\">\n\t\t\t\t<div class=\"elementor-widget-container\">\n\t\t\t<h4 class=\"elementor-heading-title elementor-size-default\"><a href=\"https:\/\/www.banagida.com\/en\/doner-strec\/\">Doner Stretch Films<\/a><\/h4>\t\t<\/div>\n\t\t\t\t<\/div>\n\t\t\t\t<\/div>\n\t\t\t\t\t<\/div>\n\t\t\t\t<\/div>\n\t\t\t\t<\/div>","protected":false},"excerpt":{"rendered":"<p>Kutulu Kayar B\u0131\u00e7akl\u0131 \u00dcr\u00fcnler Kutusuz D\u00f6kme Stre\u00e7 Filmler Makine Tipi G\u0131da Filmleri D\u00f6ner Stre\u00e7 Film<\/p>","protected":false},"author":1,"featured_media":0,"parent":0,"menu_order":0,"comment_status":"closed","ping_status":"closed","template":"","meta":{"_joinchat":[],"footnotes":""},"class_list":["post-4091","page","type-page","status-publish","hentry"],"yoast_head":"<!-- This site is optimized with the Yoast SEO plugin v23.6 - https:\/\/yoast.com\/wordpress\/plugins\/seo\/ -->\n<title>G\u0131da \u00dcr\u00fcnleri Grubu - Banagida<\/title>\n<meta name=\"robots\" content=\"index, follow, max-snippet:-1, max-image-preview:large, max-video-preview:-1\" \/>\n<link rel=\"canonical\" href=\"https:\/\/www.banagida.com\/en\/gida-urun\/\" \/>\n<meta property=\"og:locale\" content=\"en_US\" \/>\n<meta property=\"og:type\" content=\"article\" \/>\n<meta property=\"og:title\" content=\"G\u0131da \u00dcr\u00fcnleri Grubu - Banagida\" \/>\n<meta property=\"og:description\" content=\"Kutulu Kayar B\u0131\u00e7akl\u0131 \u00dcr\u00fcnler Kutusuz D\u00f6kme Stre\u00e7 Filmler Makine Tipi G\u0131da Filmleri D\u00f6ner Stre\u00e7 Film\" \/>\n<meta property=\"og:url\" content=\"https:\/\/www.banagida.com\/en\/gida-urun\/\" \/>\n<meta property=\"og:site_name\" content=\"Banagida\" \/>\n<meta property=\"article:modified_time\" content=\"2023-11-02T16:37:09+00:00\" \/>\n<meta property=\"og:image\" content=\"http:\/\/www.banagida.com\/wp-content\/uploads\/2023\/10\/kutulustretchfilm1-1.jpg\" \/>\n<meta name=\"twitter:card\" content=\"summary_large_image\" \/>\n<meta name=\"twitter:label1\" content=\"Est. reading time\" \/>\n\t<meta name=\"twitter:data1\" content=\"1 minute\" \/>\n<script type=\"application\/ld+json\" class=\"yoast-schema-graph\">{\"@context\":\"https:\/\/schema.org\",\"@graph\":[{\"@type\":\"WebPage\",\"@id\":\"https:\/\/www.banagida.com\/gida-urun\/\",\"url\":\"https:\/\/www.banagida.com\/gida-urun\/\",\"name\":\"G\u0131da \u00dcr\u00fcnleri Grubu - Banagida\",\"isPartOf\":{\"@id\":\"https:\/\/www.banagida.com\/#website\"},\"primaryImageOfPage\":{\"@id\":\"https:\/\/www.banagida.com\/gida-urun\/#primaryimage\"},\"image\":{\"@id\":\"https:\/\/www.banagida.com\/gida-urun\/#primaryimage\"},\"thumbnailUrl\":\"http:\/\/www.banagida.com\/wp-content\/uploads\/2023\/10\/kutulustretchfilm1-1.jpg\",\"datePublished\":\"2023-10-09T14:50:43+00:00\",\"dateModified\":\"2023-11-02T16:37:09+00:00\",\"breadcrumb\":{\"@id\":\"https:\/\/www.banagida.com\/gida-urun\/#breadcrumb\"},\"inLanguage\":\"en-US\",\"potentialAction\":[{\"@type\":\"ReadAction\",\"target\":[\"https:\/\/www.banagida.com\/gida-urun\/\"]}]},{\"@type\":\"ImageObject\",\"inLanguage\":\"en-US\",\"@id\":\"https:\/\/www.banagida.com\/gida-urun\/#primaryimage\",\"url\":\"http:\/\/www.banagida.com\/wp-content\/uploads\/2023\/10\/kutulustretchfilm1-1.jpg\",\"contentUrl\":\"http:\/\/www.banagida.com\/wp-content\/uploads\/2023\/10\/kutulustretchfilm1-1.jpg\"},{\"@type\":\"BreadcrumbList\",\"@id\":\"https:\/\/www.banagida.com\/gida-urun\/#breadcrumb\",\"itemListElement\":[{\"@type\":\"ListItem\",\"position\":1,\"name\":\"Anasayfa\",\"item\":\"https:\/\/www.banagida.com\/\"},{\"@type\":\"ListItem\",\"position\":2,\"name\":\"G\u0131da \u00dcr\u00fcnleri Grubu\"}]},{\"@type\":\"WebSite\",\"@id\":\"https:\/\/www.banagida.com\/#website\",\"url\":\"https:\/\/www.banagida.com\/\",\"name\":\"Banagida\",\"description\":\"Banagida\",\"publisher\":{\"@id\":\"https:\/\/www.banagida.com\/#organization\"},\"potentialAction\":[{\"@type\":\"SearchAction\",\"target\":{\"@type\":\"EntryPoint\",\"urlTemplate\":\"https:\/\/www.banagida.com\/?s={search_term_string}\"},\"query-input\":{\"@type\":\"PropertyValueSpecification\",\"valueRequired\":true,\"valueName\":\"search_term_string\"}}],\"inLanguage\":\"en-US\"},{\"@type\":\"Organization\",\"@id\":\"https:\/\/www.banagida.com\/#organization\",\"name\":\"Banagida\",\"url\":\"https:\/\/www.banagida.com\/\",\"logo\":{\"@type\":\"ImageObject\",\"inLanguage\":\"en-US\",\"@id\":\"https:\/\/www.banagida.com\/#\/schema\/logo\/image\/\",\"url\":\"http:\/\/www.banagida.com\/wp-content\/uploads\/2023\/09\/banagidalogo.svg\",\"contentUrl\":\"http:\/\/www.banagida.com\/wp-content\/uploads\/2023\/09\/banagidalogo.svg\",\"width\":1000,\"height\":221,\"caption\":\"Banagida\"},\"image\":{\"@id\":\"https:\/\/www.banagida.com\/#\/schema\/logo\/image\/\"}}]}<\/script>\n<!-- \/ Yoast SEO plugin. -->","yoast_head_json":{"title":"G\u0131da \u00dcr\u00fcnleri Grubu - Banagida","robots":{"index":"index","follow":"follow","max-snippet":"max-snippet:-1","max-image-preview":"max-image-preview:large","max-video-preview":"max-video-preview:-1"},"canonical":"https:\/\/www.banagida.com\/en\/gida-urun\/","og_locale":"en_US","og_type":"article","og_title":"G\u0131da \u00dcr\u00fcnleri Grubu - Banagida","og_description":"Kutulu Kayar B\u0131\u00e7akl\u0131 \u00dcr\u00fcnler Kutusuz D\u00f6kme Stre\u00e7 Filmler Makine Tipi G\u0131da Filmleri D\u00f6ner Stre\u00e7 Film","og_url":"https:\/\/www.banagida.com\/en\/gida-urun\/","og_site_name":"Banagida","article_modified_time":"2023-11-02T16:37:09+00:00","og_image":[{"url":"http:\/\/www.banagida.com\/wp-content\/uploads\/2023\/10\/kutulustretchfilm1-1.jpg"}],"twitter_card":"summary_large_image","twitter_misc":{"Est. reading time":"1 minute"},"schema":{"@context":"https:\/\/schema.org","@graph":[{"@type":"WebPage","@id":"https:\/\/www.banagida.com\/gida-urun\/","url":"https:\/\/www.banagida.com\/gida-urun\/","name":"G\u0131da \u00dcr\u00fcnleri Grubu - Banagida","isPartOf":{"@id":"https:\/\/www.banagida.com\/#website"},"primaryImageOfPage":{"@id":"https:\/\/www.banagida.com\/gida-urun\/#primaryimage"},"image":{"@id":"https:\/\/www.banagida.com\/gida-urun\/#primaryimage"},"thumbnailUrl":"http:\/\/www.banagida.com\/wp-content\/uploads\/2023\/10\/kutulustretchfilm1-1.jpg","datePublished":"2023-10-09T14:50:43+00:00","dateModified":"2023-11-02T16:37:09+00:00","breadcrumb":{"@id":"https:\/\/www.banagida.com\/gida-urun\/#breadcrumb"},"inLanguage":"en-US","potentialAction":[{"@type":"ReadAction","target":["https:\/\/www.banagida.com\/gida-urun\/"]}]},{"@type":"ImageObject","inLanguage":"en-US","@id":"https:\/\/www.banagida.com\/gida-urun\/#primaryimage","url":"http:\/\/www.banagida.com\/wp-content\/uploads\/2023\/10\/kutulustretchfilm1-1.jpg","contentUrl":"http:\/\/www.banagida.com\/wp-content\/uploads\/2023\/10\/kutulustretchfilm1-1.jpg"},{"@type":"BreadcrumbList","@id":"https:\/\/www.banagida.com\/gida-urun\/#breadcrumb","itemListElement":[{"@type":"ListItem","position":1,"name":"Anasayfa","item":"https:\/\/www.banagida.com\/"},{"@type":"ListItem","position":2,"name":"G\u0131da \u00dcr\u00fcnleri Grubu"}]},{"@type":"WebSite","@id":"https:\/\/www.banagida.com\/#website","url":"https:\/\/www.banagida.com\/","name":"Banagida","description":"Banagida","publisher":{"@id":"https:\/\/www.banagida.com\/#organization"},"potentialAction":[{"@type":"SearchAction","target":{"@type":"EntryPoint","urlTemplate":"https:\/\/www.banagida.com\/?s={search_term_string}"},"query-input":{"@type":"PropertyValueSpecification","valueRequired":true,"valueName":"search_term_string"}}],"inLanguage":"en-US"},{"@type":"Organization","@id":"https:\/\/www.banagida.com\/#organization","name":"Banagida","url":"https:\/\/www.banagida.com\/","logo":{"@type":"ImageObject","inLanguage":"en-US","@id":"https:\/\/www.banagida.com\/#\/schema\/logo\/image\/","url":"http:\/\/www.banagida.com\/wp-content\/uploads\/2023\/09\/banagidalogo.svg","contentUrl":"http:\/\/www.banagida.com\/wp-content\/uploads\/2023\/09\/banagidalogo.svg","width":1000,"height":221,"caption":"Banagida"},"image":{"@id":"https:\/\/www.banagida.com\/#\/schema\/logo\/image\/"}}]}},"_links":{"self":[{"href":"https:\/\/www.banagida.com\/en\/wp-json\/wp\/v2\/pages\/4091"}],"collection":[{"href":"https:\/\/www.banagida.com\/en\/wp-json\/wp\/v2\/pages"}],"about":[{"href":"https:\/\/www.banagida.com\/en\/wp-json\/wp\/v2\/types\/page"}],"author":[{"embeddable":true,"href":"https:\/\/www.banagida.com\/en\/wp-json\/wp\/v2\/users\/1"}],"replies":[{"embeddable":true,"href":"https:\/\/www.banagida.com\/en\/wp-json\/wp\/v2\/comments?post=4091"}],"version-history":[{"count":34,"href":"https:\/\/www.banagida.com\/en\/wp-json\/wp\/v2\/pages\/4091\/revisions"}],"predecessor-version":[{"id":4978,"href":"https:\/\/www.banagida.com\/en\/wp-json\/wp\/v2\/pages\/4091\/revisions\/4978"}],"wp:attachment":[{"href":"https:\/\/www.banagida.com\/en\/wp-json\/wp\/v2\/media?parent=4091"}],"curies":[{"name":"wp","href":"https:\/\/api.w.org\/{rel}","templated":true}]}}