{"id":4152,"date":"2023-10-09T16:48:15","date_gmt":"2023-10-09T16:48:15","guid":{"rendered":"https:\/\/www.banagida.com\/?page_id=4152"},"modified":"2023-11-02T16:34:39","modified_gmt":"2023-11-02T16:34:39","slug":"endustri-tipi","status":"publish","type":"page","link":"https:\/\/www.banagida.com\/en\/endustri-tipi\/","title":{"rendered":"Industrial Type Product Groups"},"content":{"rendered":"<div data-elementor-type=\"wp-page\" data-elementor-id=\"4152\" class=\"elementor elementor-4152\" data-elementor-settings=\"{&quot;ha_cmc_init_switcher&quot;:&quot;no&quot;}\" data-elementor-post-type=\"page\">\n\t\t\t\t<div class=\"elementor-element elementor-element-11f3e70 e-flex e-con-boxed wpr-particle-no wpr-jarallax-no wpr-parallax-no wpr-sticky-section-no e-con e-parent\" data-id=\"11f3e70\" data-element_type=\"container\" data-settings=\"{&quot;_ha_eqh_enable&quot;:false}\">\r\n\t\t\t\t\t<div class=\"e-con-inner\">\r\n\t\t<div class=\"elementor-element elementor-element-994eb0f e-con-full e-flex wpr-particle-no wpr-jarallax-no wpr-parallax-no wpr-sticky-section-no e-con e-child\" data-id=\"994eb0f\" data-element_type=\"container\" data-settings=\"{&quot;_ha_eqh_enable&quot;:false}\">\r\n\t\t\t\t<div class=\"elementor-element elementor-element-254c515 elementor-widget elementor-widget-image\" data-id=\"254c515\" data-element_type=\"widget\" data-widget_type=\"image.default\">\n\t\t\t\t<div class=\"elementor-widget-container\">\n\t\t\t<style>\/*! elementor - v3.21.0 - 24-04-2024 *\/\n.elementor-widget-image{text-align:center}.elementor-widget-image a{display:inline-block}.elementor-widget-image a img[src$=\".svg\"]{width:48px}.elementor-widget-image img{vertical-align:middle;display:inline-block}<\/style>\t\t\t\t\t\t\t\t\t\t\t<a href=\"https:\/\/www.banagida.com\/en\/el-tipi-palet\/\">\n\t\t\t\t\t\t\t<img fetchpriority=\"high\" decoding=\"async\" width=\"541\" height=\"375\" src=\"https:\/\/www.banagida.com\/wp-content\/uploads\/2023\/10\/clingwrap-1.jpg\" class=\"attachment-large size-large wp-image-4228\" alt=\"\" srcset=\"https:\/\/www.banagida.com\/wp-content\/uploads\/2023\/10\/clingwrap-1.jpg 541w, https:\/\/www.banagida.com\/wp-content\/uploads\/2023\/10\/clingwrap-1-400x277.jpg 400w, https:\/\/www.banagida.com\/wp-content\/uploads\/2023\/10\/clingwrap-1-367x254.jpg 367w\" sizes=\"(max-width: 541px) 100vw, 541px\" \/>\t\t\t\t\t\t\t\t<\/a>\n\t\t\t\t\t\t\t\t\t\t\t\t\t<\/div>\n\t\t\t\t<\/div>\n\t\t\t\t<div class=\"elementor-element elementor-element-4b9c07e elementor-widget elementor-widget-heading\" data-id=\"4b9c07e\" data-element_type=\"widget\" data-widget_type=\"heading.default\">\n\t\t\t\t<div class=\"elementor-widget-container\">\n\t\t\t<style>\/*! elementor - v3.21.0 - 24-04-2024 *\/\n.elementor-heading-title{padding:0;margin:0;line-height:1}.elementor-widget-heading .elementor-heading-title[class*=elementor-size-]>a{color:inherit;font-size:inherit;line-height:inherit}.elementor-widget-heading .elementor-heading-title.elementor-size-small{font-size:15px}.elementor-widget-heading .elementor-heading-title.elementor-size-medium{font-size:19px}.elementor-widget-heading .elementor-heading-title.elementor-size-large{font-size:29px}.elementor-widget-heading .elementor-heading-title.elementor-size-xl{font-size:39px}.elementor-widget-heading .elementor-heading-title.elementor-size-xxl{font-size:59px}<\/style><h4 class=\"elementor-heading-title elementor-size-default\"><a href=\"https:\/\/www.banagida.com\/en\/el-tipi-palet\/\">Hand Stretch Films<\/a><\/h4>\t\t<\/div>\n\t\t\t\t<\/div>\n\t\t\t\t<\/div>\n\t\t<div class=\"elementor-element elementor-element-7e25e82 e-con-full e-flex wpr-particle-no wpr-jarallax-no wpr-parallax-no wpr-sticky-section-no e-con e-child\" data-id=\"7e25e82\" data-element_type=\"container\" data-settings=\"{&quot;_ha_eqh_enable&quot;:false}\">\r\n\t\t\t\t<div class=\"elementor-element elementor-element-55f57ac elementor-widget elementor-widget-image\" data-id=\"55f57ac\" data-element_type=\"widget\" data-widget_type=\"image.default\">\n\t\t\t\t<div class=\"elementor-widget-container\">\n\t\t\t\t\t\t\t\t\t\t\t\t\t\t<a href=\"https:\/\/www.banagida.com\/en\/makina-strec\/\">\n\t\t\t\t\t\t\t<img decoding=\"async\" width=\"541\" height=\"375\" src=\"https:\/\/www.banagida.com\/wp-content\/uploads\/2023\/10\/makinatipi-1.jpg\" class=\"attachment-large size-large wp-image-4229\" alt=\"\" srcset=\"https:\/\/www.banagida.com\/wp-content\/uploads\/2023\/10\/makinatipi-1.jpg 541w, https:\/\/www.banagida.com\/wp-content\/uploads\/2023\/10\/makinatipi-1-400x277.jpg 400w, https:\/\/www.banagida.com\/wp-content\/uploads\/2023\/10\/makinatipi-1-367x254.jpg 367w\" sizes=\"(max-width: 541px) 100vw, 541px\" \/>\t\t\t\t\t\t\t\t<\/a>\n\t\t\t\t\t\t\t\t\t\t\t\t\t<\/div>\n\t\t\t\t<\/div>\n\t\t\t\t<div class=\"elementor-element elementor-element-910b297 elementor-widget elementor-widget-heading\" data-id=\"910b297\" data-element_type=\"widget\" data-widget_type=\"heading.default\">\n\t\t\t\t<div class=\"elementor-widget-container\">\n\t\t\t<h4 class=\"elementor-heading-title elementor-size-default\"><a href=\"https:\/\/www.banagida.com\/en\/makina-strec\/\">Machine Type Stretch Films<\/a><\/h4>\t\t<\/div>\n\t\t\t\t<\/div>\n\t\t\t\t<\/div>\n\t\t<div class=\"elementor-element elementor-element-b8730ef e-con-full e-flex wpr-particle-no wpr-jarallax-no wpr-parallax-no wpr-sticky-section-no e-con e-child\" data-id=\"b8730ef\" data-element_type=\"container\" data-settings=\"{&quot;_ha_eqh_enable&quot;:false}\">\r\n\t\t\t\t<div class=\"elementor-element elementor-element-23fa841 elementor-widget elementor-widget-image\" data-id=\"23fa841\" data-element_type=\"widget\" data-widget_type=\"image.default\">\n\t\t\t\t<div class=\"elementor-widget-container\">\n\t\t\t\t\t\t\t\t\t\t\t\t\t\t<a href=\"https:\/\/www.banagida.com\/en\/shrink-film\/\">\n\t\t\t\t\t\t\t<img decoding=\"async\" width=\"541\" height=\"375\" src=\"https:\/\/www.banagida.com\/wp-content\/uploads\/2023\/10\/WhatsApp-Image-2023-10-17-at-13.15.29.jpeg\" class=\"attachment-large size-large wp-image-4744\" alt=\"\" srcset=\"https:\/\/www.banagida.com\/wp-content\/uploads\/2023\/10\/WhatsApp-Image-2023-10-17-at-13.15.29.jpeg 541w, https:\/\/www.banagida.com\/wp-content\/uploads\/2023\/10\/WhatsApp-Image-2023-10-17-at-13.15.29-400x277.jpeg 400w, https:\/\/www.banagida.com\/wp-content\/uploads\/2023\/10\/WhatsApp-Image-2023-10-17-at-13.15.29-367x254.jpeg 367w\" sizes=\"(max-width: 541px) 100vw, 541px\" \/>\t\t\t\t\t\t\t\t<\/a>\n\t\t\t\t\t\t\t\t\t\t\t\t\t<\/div>\n\t\t\t\t<\/div>\n\t\t\t\t<div class=\"elementor-element elementor-element-44fd17b elementor-widget elementor-widget-heading\" data-id=\"44fd17b\" data-element_type=\"widget\" data-widget_type=\"heading.default\">\n\t\t\t\t<div class=\"elementor-widget-container\">\n\t\t\t<h4 class=\"elementor-heading-title elementor-size-default\"><a href=\"https:\/\/www.banagida.com\/en\/shrink-film\/\">Shrink Films<\/a><\/h4>\t\t<\/div>\n\t\t\t\t<\/div>\n\t\t\t\t<\/div>\n\t\t<div class=\"elementor-element elementor-element-eab96b1 e-con-full e-flex wpr-particle-no wpr-jarallax-no wpr-parallax-no wpr-sticky-section-no e-con e-child\" data-id=\"eab96b1\" data-element_type=\"container\" data-settings=\"{&quot;_ha_eqh_enable&quot;:false}\">\r\n\t\t\t\t<div class=\"elementor-element elementor-element-bad8b22 elementor-widget elementor-widget-image\" data-id=\"bad8b22\" data-element_type=\"widget\" data-widget_type=\"image.default\">\n\t\t\t\t<div class=\"elementor-widget-container\">\n\t\t\t\t\t\t\t\t\t\t\t\t\t\t<a href=\"https:\/\/www.banagida.com\/en\/cop-torbasi\/\">\n\t\t\t\t\t\t\t<img loading=\"lazy\" decoding=\"async\" width=\"541\" height=\"375\" src=\"https:\/\/www.banagida.com\/wp-content\/uploads\/2023\/10\/WhatsApp-Image-2023-10-17-at-13.15.25.jpeg\" class=\"attachment-large size-large wp-image-4745\" alt=\"\" srcset=\"https:\/\/www.banagida.com\/wp-content\/uploads\/2023\/10\/WhatsApp-Image-2023-10-17-at-13.15.25.jpeg 541w, https:\/\/www.banagida.com\/wp-content\/uploads\/2023\/10\/WhatsApp-Image-2023-10-17-at-13.15.25-400x277.jpeg 400w, https:\/\/www.banagida.com\/wp-content\/uploads\/2023\/10\/WhatsApp-Image-2023-10-17-at-13.15.25-367x254.jpeg 367w\" sizes=\"(max-width: 541px) 100vw, 541px\" \/>\t\t\t\t\t\t\t\t<\/a>\n\t\t\t\t\t\t\t\t\t\t\t\t\t<\/div>\n\t\t\t\t<\/div>\n\t\t\t\t<div class=\"elementor-element elementor-element-3e80fed elementor-widget elementor-widget-heading\" data-id=\"3e80fed\" data-element_type=\"widget\" data-widget_type=\"heading.default\">\n\t\t\t\t<div class=\"elementor-widget-container\">\n\t\t\t<h4 class=\"elementor-heading-title elementor-size-default\"><a href=\"https:\/\/www.banagida.com\/en\/cop-torbasi\/\">Garbage Bags<\/a><\/h4>\t\t<\/div>\n\t\t\t\t<\/div>\n\t\t\t\t<\/div>\n\t\t\t\t\t<\/div>\n\t\t\t\t<\/div>\n\t\t<div class=\"elementor-element elementor-element-2db17e8 e-flex e-con-boxed wpr-particle-no wpr-jarallax-no wpr-parallax-no wpr-sticky-section-no e-con e-parent\" data-id=\"2db17e8\" data-element_type=\"container\" data-settings=\"{&quot;_ha_eqh_enable&quot;:false}\">\r\n\t\t\t\t\t<div class=\"e-con-inner\">\r\n\t\t<div class=\"elementor-element elementor-element-e1fb67c e-con-full e-flex wpr-particle-no wpr-jarallax-no wpr-parallax-no wpr-sticky-section-no e-con e-child\" data-id=\"e1fb67c\" data-element_type=\"container\" data-settings=\"{&quot;_ha_eqh_enable&quot;:false}\">\r\n\t\t\t\t<div class=\"elementor-element elementor-element-857b109 elementor-widget elementor-widget-image\" data-id=\"857b109\" data-element_type=\"widget\" data-widget_type=\"image.default\">\n\t\t\t\t<div class=\"elementor-widget-container\">\n\t\t\t\t\t\t\t\t\t\t\t\t\t\t<a href=\"https:\/\/www.banagida.com\/en\/palet-ortusu\/\">\n\t\t\t\t\t\t\t<img loading=\"lazy\" decoding=\"async\" width=\"541\" height=\"375\" src=\"https:\/\/www.banagida.com\/wp-content\/uploads\/2023\/10\/WhatsApp-Image-2023-10-17-at-13.15.31.jpeg\" class=\"attachment-large size-large wp-image-4746\" alt=\"\" srcset=\"https:\/\/www.banagida.com\/wp-content\/uploads\/2023\/10\/WhatsApp-Image-2023-10-17-at-13.15.31.jpeg 541w, https:\/\/www.banagida.com\/wp-content\/uploads\/2023\/10\/WhatsApp-Image-2023-10-17-at-13.15.31-400x277.jpeg 400w, https:\/\/www.banagida.com\/wp-content\/uploads\/2023\/10\/WhatsApp-Image-2023-10-17-at-13.15.31-367x254.jpeg 367w\" sizes=\"(max-width: 541px) 100vw, 541px\" \/>\t\t\t\t\t\t\t\t<\/a>\n\t\t\t\t\t\t\t\t\t\t\t\t\t<\/div>\n\t\t\t\t<\/div>\n\t\t\t\t<div class=\"elementor-element elementor-element-04afacc elementor-widget elementor-widget-heading\" data-id=\"04afacc\" data-element_type=\"widget\" data-widget_type=\"heading.default\">\n\t\t\t\t<div class=\"elementor-widget-container\">\n\t\t\t<h4 class=\"elementor-heading-title elementor-size-default\"><a href=\"https:\/\/www.banagida.com\/en\/palet-ortusu\/\">Pallet Covers<\/a><\/h4>\t\t<\/div>\n\t\t\t\t<\/div>\n\t\t\t\t<\/div>\n\t\t<div class=\"elementor-element elementor-element-22c4214 e-con-full e-flex wpr-particle-no wpr-jarallax-no wpr-parallax-no wpr-sticky-section-no e-con e-child\" data-id=\"22c4214\" data-element_type=\"container\" data-settings=\"{&quot;_ha_eqh_enable&quot;:false}\">\r\n\t\t\t\t<div class=\"elementor-element elementor-element-0949c05 elementor-widget elementor-widget-image\" data-id=\"0949c05\" data-element_type=\"widget\" data-widget_type=\"image.default\">\n\t\t\t\t<div class=\"elementor-widget-container\">\n\t\t\t\t\t\t\t\t\t\t\t\t\t\t<a href=\"https:\/\/www.banagida.com\/en\/yapi-insa-ortu\/\">\n\t\t\t\t\t\t\t<img loading=\"lazy\" decoding=\"async\" width=\"541\" height=\"375\" src=\"https:\/\/www.banagida.com\/wp-content\/uploads\/2023\/10\/WhatsApp-Image-2023-10-17-at-13.15.26.jpeg\" class=\"attachment-large size-large wp-image-4747\" alt=\"\" srcset=\"https:\/\/www.banagida.com\/wp-content\/uploads\/2023\/10\/WhatsApp-Image-2023-10-17-at-13.15.26.jpeg 541w, https:\/\/www.banagida.com\/wp-content\/uploads\/2023\/10\/WhatsApp-Image-2023-10-17-at-13.15.26-400x277.jpeg 400w, https:\/\/www.banagida.com\/wp-content\/uploads\/2023\/10\/WhatsApp-Image-2023-10-17-at-13.15.26-367x254.jpeg 367w\" sizes=\"(max-width: 541px) 100vw, 541px\" \/>\t\t\t\t\t\t\t\t<\/a>\n\t\t\t\t\t\t\t\t\t\t\t\t\t<\/div>\n\t\t\t\t<\/div>\n\t\t\t\t<div class=\"elementor-element elementor-element-54aaf8f elementor-widget elementor-widget-heading\" data-id=\"54aaf8f\" data-element_type=\"widget\" data-widget_type=\"heading.default\">\n\t\t\t\t<div class=\"elementor-widget-container\">\n\t\t\t<h4 class=\"elementor-heading-title elementor-size-default\"><a href=\"https:\/\/www.banagida.com\/en\/yapi-insa-ortu\/\">Construction Covers<\/a><\/h4>\t\t<\/div>\n\t\t\t\t<\/div>\n\t\t\t\t<\/div>\n\t\t<div class=\"elementor-element elementor-element-06d68ab e-con-full e-flex wpr-particle-no wpr-jarallax-no wpr-parallax-no wpr-sticky-section-no e-con e-child\" data-id=\"06d68ab\" data-element_type=\"container\" data-settings=\"{&quot;_ha_eqh_enable&quot;:false}\">\r\n\t\t\t\t<div class=\"elementor-element elementor-element-dd42c71 elementor-widget elementor-widget-image\" data-id=\"dd42c71\" data-element_type=\"widget\" data-widget_type=\"image.default\">\n\t\t\t\t<div class=\"elementor-widget-container\">\n\t\t\t\t\t\t\t\t\t\t\t\t\t\t<a href=\"https:\/\/www.banagida.com\/en\/elbise-torbasi\/\">\n\t\t\t\t\t\t\t<img loading=\"lazy\" decoding=\"async\" width=\"541\" height=\"375\" src=\"https:\/\/www.banagida.com\/wp-content\/uploads\/2023\/10\/WhatsApp-Image-2023-10-17-at-13.15.31-1.jpeg\" class=\"attachment-large size-large wp-image-4748\" alt=\"\" srcset=\"https:\/\/www.banagida.com\/wp-content\/uploads\/2023\/10\/WhatsApp-Image-2023-10-17-at-13.15.31-1.jpeg 541w, https:\/\/www.banagida.com\/wp-content\/uploads\/2023\/10\/WhatsApp-Image-2023-10-17-at-13.15.31-1-400x277.jpeg 400w, https:\/\/www.banagida.com\/wp-content\/uploads\/2023\/10\/WhatsApp-Image-2023-10-17-at-13.15.31-1-367x254.jpeg 367w\" sizes=\"(max-width: 541px) 100vw, 541px\" \/>\t\t\t\t\t\t\t\t<\/a>\n\t\t\t\t\t\t\t\t\t\t\t\t\t<\/div>\n\t\t\t\t<\/div>\n\t\t\t\t<div class=\"elementor-element elementor-element-678bed7 elementor-widget elementor-widget-heading\" data-id=\"678bed7\" data-element_type=\"widget\" data-widget_type=\"heading.default\">\n\t\t\t\t<div class=\"elementor-widget-container\">\n\t\t\t<h4 class=\"elementor-heading-title elementor-size-default\"><a href=\"https:\/\/www.banagida.com\/en\/elbise-torbasi\/\">Garment Covers<\/a><\/h4>\t\t<\/div>\n\t\t\t\t<\/div>\n\t\t\t\t<\/div>\n\t\t<div class=\"elementor-element elementor-element-21e95d3 e-con-full e-flex wpr-particle-no wpr-jarallax-no wpr-parallax-no wpr-sticky-section-no e-con e-child\" data-id=\"21e95d3\" data-element_type=\"container\" data-settings=\"{&quot;_ha_eqh_enable&quot;:false}\">\r\n\t\t\t\t<div class=\"elementor-element elementor-element-473d820 elementor-widget elementor-widget-image\" data-id=\"473d820\" data-element_type=\"widget\" data-widget_type=\"image.default\">\n\t\t\t\t<div class=\"elementor-widget-container\">\n\t\t\t\t\t\t\t\t\t\t\t\t\t\t<a href=\"https:\/\/www.banagida.com\/en\/rulo-atlet\/\">\n\t\t\t\t\t\t\t<img loading=\"lazy\" decoding=\"async\" width=\"541\" height=\"375\" src=\"https:\/\/www.banagida.com\/wp-content\/uploads\/2023\/10\/WhatsApp-Image-2023-10-17-at-13.15.29-1.jpeg\" class=\"attachment-large size-large wp-image-4749\" alt=\"\" srcset=\"https:\/\/www.banagida.com\/wp-content\/uploads\/2023\/10\/WhatsApp-Image-2023-10-17-at-13.15.29-1.jpeg 541w, https:\/\/www.banagida.com\/wp-content\/uploads\/2023\/10\/WhatsApp-Image-2023-10-17-at-13.15.29-1-400x277.jpeg 400w, https:\/\/www.banagida.com\/wp-content\/uploads\/2023\/10\/WhatsApp-Image-2023-10-17-at-13.15.29-1-367x254.jpeg 367w\" sizes=\"(max-width: 541px) 100vw, 541px\" \/>\t\t\t\t\t\t\t\t<\/a>\n\t\t\t\t\t\t\t\t\t\t\t\t\t<\/div>\n\t\t\t\t<\/div>\n\t\t\t\t<div class=\"elementor-element elementor-element-25ee748 elementor-widget elementor-widget-heading\" data-id=\"25ee748\" data-element_type=\"widget\" data-widget_type=\"heading.default\">\n\t\t\t\t<div class=\"elementor-widget-container\">\n\t\t\t<h4 class=\"elementor-heading-title elementor-size-default\"><a href=\"https:\/\/www.banagida.com\/en\/rulo-atlet\/\">T-Shirt Bags on Roll<\/a><\/h4>\t\t<\/div>\n\t\t\t\t<\/div>\n\t\t\t\t<\/div>\n\t\t\t\t\t<\/div>\n\t\t\t\t<\/div>\n\t\t\t\t<\/div>","protected":false},"excerpt":{"rendered":"<p>El Tipi Palet Stre\u00e7 Filmler Makina Tipi Stre\u00e7 Filmleri Shrink Filmler \u00c7\u00f6p Torbas\u0131 Palet \u00d6rt\u00fcs\u00fc Yap\u0131 \u0130n\u015faat \u00d6rt\u00fcs\u00fc Elbise Torbas\u0131 Rulo Atlet Po\u015fet<\/p>","protected":false},"author":1,"featured_media":0,"parent":0,"menu_order":0,"comment_status":"closed","ping_status":"closed","template":"","meta":{"_joinchat":[],"footnotes":""},"class_list":["post-4152","page","type-page","status-publish","hentry"],"yoast_head":"<!-- This site is optimized with the Yoast SEO plugin v23.6 - https:\/\/yoast.com\/wordpress\/plugins\/seo\/ -->\n<title>End\u00fcstri Tipi \u00dcr\u00fcnler Grubu - Banagida<\/title>\n<meta name=\"robots\" content=\"index, follow, max-snippet:-1, max-image-preview:large, max-video-preview:-1\" \/>\n<link rel=\"canonical\" href=\"https:\/\/www.banagida.com\/en\/endustri-tipi\/\" \/>\n<meta property=\"og:locale\" content=\"en_US\" \/>\n<meta property=\"og:type\" content=\"article\" \/>\n<meta property=\"og:title\" content=\"End\u00fcstri Tipi \u00dcr\u00fcnler Grubu - Banagida\" \/>\n<meta property=\"og:description\" content=\"El Tipi Palet Stre\u00e7 Filmler Makina Tipi Stre\u00e7 Filmleri Shrink Filmler \u00c7\u00f6p Torbas\u0131 Palet \u00d6rt\u00fcs\u00fc Yap\u0131 \u0130n\u015faat \u00d6rt\u00fcs\u00fc Elbise Torbas\u0131 Rulo Atlet Po\u015fet\" \/>\n<meta property=\"og:url\" content=\"https:\/\/www.banagida.com\/en\/endustri-tipi\/\" \/>\n<meta property=\"og:site_name\" content=\"Banagida\" \/>\n<meta property=\"article:modified_time\" content=\"2023-11-02T16:34:39+00:00\" \/>\n<meta property=\"og:image\" content=\"http:\/\/www.banagida.com\/wp-content\/uploads\/2023\/10\/clingwrap-1.jpg\" \/>\n<meta name=\"twitter:card\" content=\"summary_large_image\" \/>\n<meta name=\"twitter:label1\" content=\"Est. reading time\" \/>\n\t<meta name=\"twitter:data1\" content=\"2 minutes\" \/>\n<script type=\"application\/ld+json\" class=\"yoast-schema-graph\">{\"@context\":\"https:\/\/schema.org\",\"@graph\":[{\"@type\":\"WebPage\",\"@id\":\"https:\/\/www.banagida.com\/endustri-tipi\/\",\"url\":\"https:\/\/www.banagida.com\/endustri-tipi\/\",\"name\":\"End\u00fcstri Tipi \u00dcr\u00fcnler Grubu - Banagida\",\"isPartOf\":{\"@id\":\"https:\/\/www.banagida.com\/#website\"},\"primaryImageOfPage\":{\"@id\":\"https:\/\/www.banagida.com\/endustri-tipi\/#primaryimage\"},\"image\":{\"@id\":\"https:\/\/www.banagida.com\/endustri-tipi\/#primaryimage\"},\"thumbnailUrl\":\"http:\/\/www.banagida.com\/wp-content\/uploads\/2023\/10\/clingwrap-1.jpg\",\"datePublished\":\"2023-10-09T16:48:15+00:00\",\"dateModified\":\"2023-11-02T16:34:39+00:00\",\"breadcrumb\":{\"@id\":\"https:\/\/www.banagida.com\/endustri-tipi\/#breadcrumb\"},\"inLanguage\":\"en-US\",\"potentialAction\":[{\"@type\":\"ReadAction\",\"target\":[\"https:\/\/www.banagida.com\/endustri-tipi\/\"]}]},{\"@type\":\"ImageObject\",\"inLanguage\":\"en-US\",\"@id\":\"https:\/\/www.banagida.com\/endustri-tipi\/#primaryimage\",\"url\":\"http:\/\/www.banagida.com\/wp-content\/uploads\/2023\/10\/clingwrap-1.jpg\",\"contentUrl\":\"http:\/\/www.banagida.com\/wp-content\/uploads\/2023\/10\/clingwrap-1.jpg\"},{\"@type\":\"BreadcrumbList\",\"@id\":\"https:\/\/www.banagida.com\/endustri-tipi\/#breadcrumb\",\"itemListElement\":[{\"@type\":\"ListItem\",\"position\":1,\"name\":\"Anasayfa\",\"item\":\"https:\/\/www.banagida.com\/\"},{\"@type\":\"ListItem\",\"position\":2,\"name\":\"End\u00fcstri Tipi \u00dcr\u00fcnler Grubu\"}]},{\"@type\":\"WebSite\",\"@id\":\"https:\/\/www.banagida.com\/#website\",\"url\":\"https:\/\/www.banagida.com\/\",\"name\":\"Banagida\",\"description\":\"Banagida\",\"publisher\":{\"@id\":\"https:\/\/www.banagida.com\/#organization\"},\"potentialAction\":[{\"@type\":\"SearchAction\",\"target\":{\"@type\":\"EntryPoint\",\"urlTemplate\":\"https:\/\/www.banagida.com\/?s={search_term_string}\"},\"query-input\":{\"@type\":\"PropertyValueSpecification\",\"valueRequired\":true,\"valueName\":\"search_term_string\"}}],\"inLanguage\":\"en-US\"},{\"@type\":\"Organization\",\"@id\":\"https:\/\/www.banagida.com\/#organization\",\"name\":\"Banagida\",\"url\":\"https:\/\/www.banagida.com\/\",\"logo\":{\"@type\":\"ImageObject\",\"inLanguage\":\"en-US\",\"@id\":\"https:\/\/www.banagida.com\/#\/schema\/logo\/image\/\",\"url\":\"http:\/\/www.banagida.com\/wp-content\/uploads\/2023\/09\/banagidalogo.svg\",\"contentUrl\":\"http:\/\/www.banagida.com\/wp-content\/uploads\/2023\/09\/banagidalogo.svg\",\"width\":1000,\"height\":221,\"caption\":\"Banagida\"},\"image\":{\"@id\":\"https:\/\/www.banagida.com\/#\/schema\/logo\/image\/\"}}]}<\/script>\n<!-- \/ Yoast SEO plugin. -->","yoast_head_json":{"title":"End\u00fcstri Tipi \u00dcr\u00fcnler Grubu - Banagida","robots":{"index":"index","follow":"follow","max-snippet":"max-snippet:-1","max-image-preview":"max-image-preview:large","max-video-preview":"max-video-preview:-1"},"canonical":"https:\/\/www.banagida.com\/en\/endustri-tipi\/","og_locale":"en_US","og_type":"article","og_title":"End\u00fcstri Tipi \u00dcr\u00fcnler Grubu - Banagida","og_description":"El Tipi Palet Stre\u00e7 Filmler Makina Tipi Stre\u00e7 Filmleri Shrink Filmler \u00c7\u00f6p Torbas\u0131 Palet \u00d6rt\u00fcs\u00fc Yap\u0131 \u0130n\u015faat \u00d6rt\u00fcs\u00fc Elbise Torbas\u0131 Rulo Atlet Po\u015fet","og_url":"https:\/\/www.banagida.com\/en\/endustri-tipi\/","og_site_name":"Banagida","article_modified_time":"2023-11-02T16:34:39+00:00","og_image":[{"url":"http:\/\/www.banagida.com\/wp-content\/uploads\/2023\/10\/clingwrap-1.jpg"}],"twitter_card":"summary_large_image","twitter_misc":{"Est. reading time":"2 minutes"},"schema":{"@context":"https:\/\/schema.org","@graph":[{"@type":"WebPage","@id":"https:\/\/www.banagida.com\/endustri-tipi\/","url":"https:\/\/www.banagida.com\/endustri-tipi\/","name":"End\u00fcstri Tipi \u00dcr\u00fcnler Grubu - Banagida","isPartOf":{"@id":"https:\/\/www.banagida.com\/#website"},"primaryImageOfPage":{"@id":"https:\/\/www.banagida.com\/endustri-tipi\/#primaryimage"},"image":{"@id":"https:\/\/www.banagida.com\/endustri-tipi\/#primaryimage"},"thumbnailUrl":"http:\/\/www.banagida.com\/wp-content\/uploads\/2023\/10\/clingwrap-1.jpg","datePublished":"2023-10-09T16:48:15+00:00","dateModified":"2023-11-02T16:34:39+00:00","breadcrumb":{"@id":"https:\/\/www.banagida.com\/endustri-tipi\/#breadcrumb"},"inLanguage":"en-US","potentialAction":[{"@type":"ReadAction","target":["https:\/\/www.banagida.com\/endustri-tipi\/"]}]},{"@type":"ImageObject","inLanguage":"en-US","@id":"https:\/\/www.banagida.com\/endustri-tipi\/#primaryimage","url":"http:\/\/www.banagida.com\/wp-content\/uploads\/2023\/10\/clingwrap-1.jpg","contentUrl":"http:\/\/www.banagida.com\/wp-content\/uploads\/2023\/10\/clingwrap-1.jpg"},{"@type":"BreadcrumbList","@id":"https:\/\/www.banagida.com\/endustri-tipi\/#breadcrumb","itemListElement":[{"@type":"ListItem","position":1,"name":"Anasayfa","item":"https:\/\/www.banagida.com\/"},{"@type":"ListItem","position":2,"name":"End\u00fcstri Tipi \u00dcr\u00fcnler Grubu"}]},{"@type":"WebSite","@id":"https:\/\/www.banagida.com\/#website","url":"https:\/\/www.banagida.com\/","name":"Banagida","description":"Banagida","publisher":{"@id":"https:\/\/www.banagida.com\/#organization"},"potentialAction":[{"@type":"SearchAction","target":{"@type":"EntryPoint","urlTemplate":"https:\/\/www.banagida.com\/?s={search_term_string}"},"query-input":{"@type":"PropertyValueSpecification","valueRequired":true,"valueName":"search_term_string"}}],"inLanguage":"en-US"},{"@type":"Organization","@id":"https:\/\/www.banagida.com\/#organization","name":"Banagida","url":"https:\/\/www.banagida.com\/","logo":{"@type":"ImageObject","inLanguage":"en-US","@id":"https:\/\/www.banagida.com\/#\/schema\/logo\/image\/","url":"http:\/\/www.banagida.com\/wp-content\/uploads\/2023\/09\/banagidalogo.svg","contentUrl":"http:\/\/www.banagida.com\/wp-content\/uploads\/2023\/09\/banagidalogo.svg","width":1000,"height":221,"caption":"Banagida"},"image":{"@id":"https:\/\/www.banagida.com\/#\/schema\/logo\/image\/"}}]}},"_links":{"self":[{"href":"https:\/\/www.banagida.com\/en\/wp-json\/wp\/v2\/pages\/4152"}],"collection":[{"href":"https:\/\/www.banagida.com\/en\/wp-json\/wp\/v2\/pages"}],"about":[{"href":"https:\/\/www.banagida.com\/en\/wp-json\/wp\/v2\/types\/page"}],"author":[{"embeddable":true,"href":"https:\/\/www.banagida.com\/en\/wp-json\/wp\/v2\/users\/1"}],"replies":[{"embeddable":true,"href":"https:\/\/www.banagida.com\/en\/wp-json\/wp\/v2\/comments?post=4152"}],"version-history":[{"count":49,"href":"https:\/\/www.banagida.com\/en\/wp-json\/wp\/v2\/pages\/4152\/revisions"}],"predecessor-version":[{"id":4966,"href":"https:\/\/www.banagida.com\/en\/wp-json\/wp\/v2\/pages\/4152\/revisions\/4966"}],"wp:attachment":[{"href":"https:\/\/www.banagida.com\/en\/wp-json\/wp\/v2\/media?parent=4152"}],"curies":[{"name":"wp","href":"https:\/\/api.w.org\/{rel}","templated":true}]}}