{"id":4157,"date":"2023-10-09T16:50:00","date_gmt":"2023-10-09T16:50:00","guid":{"rendered":"https:\/\/www.banagida.com\/?page_id=4157"},"modified":"2023-11-02T16:35:15","modified_gmt":"2023-11-02T16:35:15","slug":"tarim-urun","status":"publish","type":"page","link":"https:\/\/www.banagida.com\/en\/tarim-urun\/","title":{"rendered":"Agricultural Product Groups"},"content":{"rendered":"<div data-elementor-type=\"wp-page\" data-elementor-id=\"4157\" class=\"elementor elementor-4157\" data-elementor-settings=\"{&quot;ha_cmc_init_switcher&quot;:&quot;no&quot;}\" data-elementor-post-type=\"page\">\n\t\t\t\t<div class=\"elementor-element elementor-element-952f465 e-flex e-con-boxed wpr-particle-no wpr-jarallax-no wpr-parallax-no wpr-sticky-section-no e-con e-parent\" data-id=\"952f465\" data-element_type=\"container\" data-settings=\"{&quot;_ha_eqh_enable&quot;:false}\">\r\n\t\t\t\t\t<div class=\"e-con-inner\">\r\n\t\t<div class=\"elementor-element elementor-element-9c86b63 e-con-full e-flex wpr-particle-no wpr-jarallax-no wpr-parallax-no wpr-sticky-section-no e-con e-child\" data-id=\"9c86b63\" data-element_type=\"container\" data-settings=\"{&quot;_ha_eqh_enable&quot;:false}\">\r\n\t\t\t\t<div class=\"elementor-element elementor-element-7c70ece elementor-widget elementor-widget-image\" data-id=\"7c70ece\" data-element_type=\"widget\" data-widget_type=\"image.default\">\n\t\t\t\t<div class=\"elementor-widget-container\">\n\t\t\t<style>\/*! elementor - v3.21.0 - 24-04-2024 *\/\n.elementor-widget-image{text-align:center}.elementor-widget-image a{display:inline-block}.elementor-widget-image a img[src$=\".svg\"]{width:48px}.elementor-widget-image img{vertical-align:middle;display:inline-block}<\/style>\t\t\t\t\t\t\t\t\t\t\t<a href=\"https:\/\/www.banagida.com\/en\/silaj-strec\/\">\n\t\t\t\t\t\t\t<img fetchpriority=\"high\" decoding=\"async\" width=\"541\" height=\"375\" src=\"https:\/\/www.banagida.com\/wp-content\/uploads\/2023\/10\/silagestretchfilm.jpg\" class=\"attachment-large size-large wp-image-4230\" alt=\"\" srcset=\"https:\/\/www.banagida.com\/wp-content\/uploads\/2023\/10\/silagestretchfilm.jpg 541w, https:\/\/www.banagida.com\/wp-content\/uploads\/2023\/10\/silagestretchfilm-400x277.jpg 400w, https:\/\/www.banagida.com\/wp-content\/uploads\/2023\/10\/silagestretchfilm-367x254.jpg 367w\" sizes=\"(max-width: 541px) 100vw, 541px\" \/>\t\t\t\t\t\t\t\t<\/a>\n\t\t\t\t\t\t\t\t\t\t\t\t\t<\/div>\n\t\t\t\t<\/div>\n\t\t\t\t<div class=\"elementor-element elementor-element-304751a elementor-widget elementor-widget-heading\" data-id=\"304751a\" data-element_type=\"widget\" data-widget_type=\"heading.default\">\n\t\t\t\t<div class=\"elementor-widget-container\">\n\t\t\t<style>\/*! elementor - v3.21.0 - 24-04-2024 *\/\n.elementor-heading-title{padding:0;margin:0;line-height:1}.elementor-widget-heading .elementor-heading-title[class*=elementor-size-]>a{color:inherit;font-size:inherit;line-height:inherit}.elementor-widget-heading .elementor-heading-title.elementor-size-small{font-size:15px}.elementor-widget-heading .elementor-heading-title.elementor-size-medium{font-size:19px}.elementor-widget-heading .elementor-heading-title.elementor-size-large{font-size:29px}.elementor-widget-heading .elementor-heading-title.elementor-size-xl{font-size:39px}.elementor-widget-heading .elementor-heading-title.elementor-size-xxl{font-size:59px}<\/style><h4 class=\"elementor-heading-title elementor-size-default\"><a href=\"https:\/\/www.banagida.com\/en\/silaj-strec\/\">Silage Stretch Films<\/a><\/h4>\t\t<\/div>\n\t\t\t\t<\/div>\n\t\t\t\t<\/div>\n\t\t<div class=\"elementor-element elementor-element-ede1854 e-con-full e-flex wpr-particle-no wpr-jarallax-no wpr-parallax-no wpr-sticky-section-no e-con e-child\" data-id=\"ede1854\" data-element_type=\"container\" data-settings=\"{&quot;_ha_eqh_enable&quot;:false}\">\r\n\t\t\t\t<div class=\"elementor-element elementor-element-51c5ad1 elementor-widget elementor-widget-image\" data-id=\"51c5ad1\" data-element_type=\"widget\" data-widget_type=\"image.default\">\n\t\t\t\t<div class=\"elementor-widget-container\">\n\t\t\t\t\t\t\t\t\t\t\t\t\t\t<a href=\"https:\/\/www.banagida.com\/en\/sera-ortusu\/\">\n\t\t\t\t\t\t\t<img decoding=\"async\" width=\"541\" height=\"375\" src=\"https:\/\/www.banagida.com\/wp-content\/uploads\/2023\/10\/seraortusu.jpg\" class=\"attachment-large size-large wp-image-4231\" alt=\"\" srcset=\"https:\/\/www.banagida.com\/wp-content\/uploads\/2023\/10\/seraortusu.jpg 541w, https:\/\/www.banagida.com\/wp-content\/uploads\/2023\/10\/seraortusu-400x277.jpg 400w, https:\/\/www.banagida.com\/wp-content\/uploads\/2023\/10\/seraortusu-367x254.jpg 367w\" sizes=\"(max-width: 541px) 100vw, 541px\" \/>\t\t\t\t\t\t\t\t<\/a>\n\t\t\t\t\t\t\t\t\t\t\t\t\t<\/div>\n\t\t\t\t<\/div>\n\t\t\t\t<div class=\"elementor-element elementor-element-61745db elementor-widget elementor-widget-heading\" data-id=\"61745db\" data-element_type=\"widget\" data-widget_type=\"heading.default\">\n\t\t\t\t<div class=\"elementor-widget-container\">\n\t\t\t<h4 class=\"elementor-heading-title elementor-size-default\"><a href=\"https:\/\/www.banagida.com\/en\/sera-ortusu\/\">Greenhouse Covers<\/a><\/h4>\t\t<\/div>\n\t\t\t\t<\/div>\n\t\t\t\t<\/div>\n\t\t<div class=\"elementor-element elementor-element-b949671 e-con-full e-flex wpr-particle-no wpr-jarallax-no wpr-parallax-no wpr-sticky-section-no e-con e-child\" data-id=\"b949671\" data-element_type=\"container\" data-settings=\"{&quot;_ha_eqh_enable&quot;:false}\">\r\n\t\t\t\t<div class=\"elementor-element elementor-element-db82f80 elementor-widget elementor-widget-image\" data-id=\"db82f80\" data-element_type=\"widget\" data-widget_type=\"image.default\">\n\t\t\t\t<div class=\"elementor-widget-container\">\n\t\t\t\t\t\t\t\t\t\t\t\t\t\t<a href=\"https:\/\/www.banagida.com\/en\/branda\/\">\n\t\t\t\t\t\t\t<img decoding=\"async\" width=\"541\" height=\"375\" src=\"https:\/\/www.banagida.com\/wp-content\/uploads\/2023\/10\/branda3.jpg\" class=\"attachment-large size-large wp-image-4232\" alt=\"\" srcset=\"https:\/\/www.banagida.com\/wp-content\/uploads\/2023\/10\/branda3.jpg 541w, https:\/\/www.banagida.com\/wp-content\/uploads\/2023\/10\/branda3-400x277.jpg 400w, https:\/\/www.banagida.com\/wp-content\/uploads\/2023\/10\/branda3-367x254.jpg 367w\" sizes=\"(max-width: 541px) 100vw, 541px\" \/>\t\t\t\t\t\t\t\t<\/a>\n\t\t\t\t\t\t\t\t\t\t\t\t\t<\/div>\n\t\t\t\t<\/div>\n\t\t\t\t<div class=\"elementor-element elementor-element-81afc1c elementor-widget elementor-widget-heading\" data-id=\"81afc1c\" data-element_type=\"widget\" data-widget_type=\"heading.default\">\n\t\t\t\t<div class=\"elementor-widget-container\">\n\t\t\t<h4 class=\"elementor-heading-title elementor-size-default\"><a href=\"https:\/\/www.banagida.com\/en\/branda\/\">Tarpaulin Covers<\/a><\/h4>\t\t<\/div>\n\t\t\t\t<\/div>\n\t\t\t\t<\/div>\n\t\t<div class=\"elementor-element elementor-element-58f8900 e-con-full e-flex wpr-particle-no wpr-jarallax-no wpr-parallax-no wpr-sticky-section-no e-con e-child\" data-id=\"58f8900\" data-element_type=\"container\" data-settings=\"{&quot;_ha_eqh_enable&quot;:false}\">\r\n\t\t\t\t<div class=\"elementor-element elementor-element-07c39bb elementor-widget elementor-widget-image\" data-id=\"07c39bb\" data-element_type=\"widget\" data-widget_type=\"image.default\">\n\t\t\t\t<div class=\"elementor-widget-container\">\n\t\t\t\t\t\t\t\t\t\t\t\t\t\t<a href=\"https:\/\/www.banagida.com\/en\/malc-film\/\">\n\t\t\t\t\t\t\t<img loading=\"lazy\" decoding=\"async\" width=\"541\" height=\"375\" src=\"https:\/\/www.banagida.com\/wp-content\/uploads\/2023\/10\/malcfilm.jpg\" class=\"attachment-large size-large wp-image-4233\" alt=\"\" srcset=\"https:\/\/www.banagida.com\/wp-content\/uploads\/2023\/10\/malcfilm.jpg 541w, https:\/\/www.banagida.com\/wp-content\/uploads\/2023\/10\/malcfilm-400x277.jpg 400w, https:\/\/www.banagida.com\/wp-content\/uploads\/2023\/10\/malcfilm-367x254.jpg 367w\" sizes=\"(max-width: 541px) 100vw, 541px\" \/>\t\t\t\t\t\t\t\t<\/a>\n\t\t\t\t\t\t\t\t\t\t\t\t\t<\/div>\n\t\t\t\t<\/div>\n\t\t\t\t<div class=\"elementor-element elementor-element-72047c5 elementor-widget elementor-widget-heading\" data-id=\"72047c5\" data-element_type=\"widget\" data-widget_type=\"heading.default\">\n\t\t\t\t<div class=\"elementor-widget-container\">\n\t\t\t<h4 class=\"elementor-heading-title elementor-size-default\"><a href=\"https:\/\/www.banagida.com\/en\/malc-film\/\">Mulch Films<\/a><\/h4>\t\t<\/div>\n\t\t\t\t<\/div>\n\t\t\t\t<\/div>\n\t\t<div class=\"elementor-element elementor-element-65cbea2 e-con-full e-flex wpr-particle-no wpr-jarallax-no wpr-parallax-no wpr-sticky-section-no e-con e-child\" data-id=\"65cbea2\" data-element_type=\"container\" data-settings=\"{&quot;_ha_eqh_enable&quot;:false}\">\r\n\t\t\t\t<div class=\"elementor-element elementor-element-4fa0aeb elementor-widget elementor-widget-image\" data-id=\"4fa0aeb\" data-element_type=\"widget\" data-widget_type=\"image.default\">\n\t\t\t\t<div class=\"elementor-widget-container\">\n\t\t\t\t\t\t\t\t\t\t\t\t\t\t<a href=\"https:\/\/www.banagida.com\/en\/solar-ortu\/\">\n\t\t\t\t\t\t\t<img loading=\"lazy\" decoding=\"async\" width=\"541\" height=\"375\" src=\"https:\/\/www.banagida.com\/wp-content\/uploads\/2023\/10\/solar.jpg\" class=\"attachment-large size-large wp-image-4234\" alt=\"\" srcset=\"https:\/\/www.banagida.com\/wp-content\/uploads\/2023\/10\/solar.jpg 541w, https:\/\/www.banagida.com\/wp-content\/uploads\/2023\/10\/solar-400x277.jpg 400w, https:\/\/www.banagida.com\/wp-content\/uploads\/2023\/10\/solar-367x254.jpg 367w\" sizes=\"(max-width: 541px) 100vw, 541px\" \/>\t\t\t\t\t\t\t\t<\/a>\n\t\t\t\t\t\t\t\t\t\t\t\t\t<\/div>\n\t\t\t\t<\/div>\n\t\t\t\t<div class=\"elementor-element elementor-element-cce8adc elementor-widget elementor-widget-heading\" data-id=\"cce8adc\" data-element_type=\"widget\" data-widget_type=\"heading.default\">\n\t\t\t\t<div class=\"elementor-widget-container\">\n\t\t\t<h4 class=\"elementor-heading-title elementor-size-default\"><a href=\"https:\/\/www.banagida.com\/en\/solar-ortu\/\">Solarization Covers<\/a><\/h4>\t\t<\/div>\n\t\t\t\t<\/div>\n\t\t\t\t<\/div>\n\t\t<div class=\"elementor-element elementor-element-d563a2a e-con-full e-flex wpr-particle-no wpr-jarallax-no wpr-parallax-no wpr-sticky-section-no e-con e-child\" data-id=\"d563a2a\" data-element_type=\"container\" data-settings=\"{&quot;_ha_eqh_enable&quot;:false}\">\r\n\t\t\t\t<div class=\"elementor-element elementor-element-d423cf9 elementor-widget elementor-widget-image\" data-id=\"d423cf9\" data-element_type=\"widget\" data-widget_type=\"image.default\">\n\t\t\t\t<div class=\"elementor-widget-container\">\n\t\t\t\t\t\t\t\t\t\t\t\t\t\t<a href=\"https:\/\/www.banagida.com\/en\/isi-perde-ortu\/\">\n\t\t\t\t\t\t\t<img loading=\"lazy\" decoding=\"async\" width=\"541\" height=\"375\" src=\"https:\/\/www.banagida.com\/wp-content\/uploads\/2023\/10\/tarimurunleri.jpg\" class=\"attachment-large size-large wp-image-4235\" alt=\"\" srcset=\"https:\/\/www.banagida.com\/wp-content\/uploads\/2023\/10\/tarimurunleri.jpg 541w, https:\/\/www.banagida.com\/wp-content\/uploads\/2023\/10\/tarimurunleri-400x277.jpg 400w, https:\/\/www.banagida.com\/wp-content\/uploads\/2023\/10\/tarimurunleri-367x254.jpg 367w\" sizes=\"(max-width: 541px) 100vw, 541px\" \/>\t\t\t\t\t\t\t\t<\/a>\n\t\t\t\t\t\t\t\t\t\t\t\t\t<\/div>\n\t\t\t\t<\/div>\n\t\t\t\t<div class=\"elementor-element elementor-element-48c0d09 elementor-widget elementor-widget-heading\" data-id=\"48c0d09\" data-element_type=\"widget\" data-widget_type=\"heading.default\">\n\t\t\t\t<div class=\"elementor-widget-container\">\n\t\t\t<h4 class=\"elementor-heading-title elementor-size-default\"><a href=\"https:\/\/www.banagida.com\/en\/isi-perde-ortu\/\">Heat Curtain Covers<\/a><\/h4>\t\t<\/div>\n\t\t\t\t<\/div>\n\t\t\t\t<\/div>\n\t\t<div class=\"elementor-element elementor-element-c4cbe0b e-con-full e-flex wpr-particle-no wpr-jarallax-no wpr-parallax-no wpr-sticky-section-no e-con e-child\" data-id=\"c4cbe0b\" data-element_type=\"container\" data-settings=\"{&quot;_ha_eqh_enable&quot;:false}\">\r\n\t\t\t\t<div class=\"elementor-element elementor-element-028fc31 elementor-widget elementor-widget-image\" data-id=\"028fc31\" data-element_type=\"widget\" data-widget_type=\"image.default\">\n\t\t\t\t<div class=\"elementor-widget-container\">\n\t\t\t\t\t\t\t\t\t\t\t\t\t\t<a href=\"https:\/\/www.banagida.com\/en\/sulama-hortum\/\">\n\t\t\t\t\t\t\t<img loading=\"lazy\" decoding=\"async\" width=\"541\" height=\"375\" src=\"https:\/\/www.banagida.com\/wp-content\/uploads\/2023\/10\/WhatsApp-Image-2023-10-17-at-13.15.30.jpeg\" class=\"attachment-large size-large wp-image-4750\" alt=\"\" srcset=\"https:\/\/www.banagida.com\/wp-content\/uploads\/2023\/10\/WhatsApp-Image-2023-10-17-at-13.15.30.jpeg 541w, https:\/\/www.banagida.com\/wp-content\/uploads\/2023\/10\/WhatsApp-Image-2023-10-17-at-13.15.30-400x277.jpeg 400w, https:\/\/www.banagida.com\/wp-content\/uploads\/2023\/10\/WhatsApp-Image-2023-10-17-at-13.15.30-367x254.jpeg 367w\" sizes=\"(max-width: 541px) 100vw, 541px\" \/>\t\t\t\t\t\t\t\t<\/a>\n\t\t\t\t\t\t\t\t\t\t\t\t\t<\/div>\n\t\t\t\t<\/div>\n\t\t\t\t<div class=\"elementor-element elementor-element-23aa1fc elementor-widget elementor-widget-heading\" data-id=\"23aa1fc\" data-element_type=\"widget\" data-widget_type=\"heading.default\">\n\t\t\t\t<div class=\"elementor-widget-container\">\n\t\t\t<h4 class=\"elementor-heading-title elementor-size-default\"><a href=\"https:\/\/www.banagida.com\/en\/sulama-hortum\/\">Irrigation Hoses <\/a><\/h4>\t\t<\/div>\n\t\t\t\t<\/div>\n\t\t\t\t<\/div>\n\t\t<div class=\"elementor-element elementor-element-47b1f6c e-con-full e-flex wpr-particle-no wpr-jarallax-no wpr-parallax-no wpr-sticky-section-no e-con e-child\" data-id=\"47b1f6c\" data-element_type=\"container\" data-settings=\"{&quot;_ha_eqh_enable&quot;:false}\">\r\n\t\t\t\t<div class=\"elementor-element elementor-element-39ef86b elementor-widget elementor-widget-image\" data-id=\"39ef86b\" data-element_type=\"widget\" data-widget_type=\"image.default\">\n\t\t\t\t<div class=\"elementor-widget-container\">\n\t\t\t\t\t\t\t\t\t\t\t\t\t\t<a href=\"https:\/\/www.banagida.com\/en\/antifog\/\">\n\t\t\t\t\t\t\t<img loading=\"lazy\" decoding=\"async\" width=\"541\" height=\"375\" src=\"https:\/\/www.banagida.com\/wp-content\/uploads\/2023\/10\/WhatsApp-Image-2023-10-17-at-13.15.25-1.jpeg\" class=\"attachment-large size-large wp-image-4751\" alt=\"\" srcset=\"https:\/\/www.banagida.com\/wp-content\/uploads\/2023\/10\/WhatsApp-Image-2023-10-17-at-13.15.25-1.jpeg 541w, https:\/\/www.banagida.com\/wp-content\/uploads\/2023\/10\/WhatsApp-Image-2023-10-17-at-13.15.25-1-400x277.jpeg 400w, https:\/\/www.banagida.com\/wp-content\/uploads\/2023\/10\/WhatsApp-Image-2023-10-17-at-13.15.25-1-367x254.jpeg 367w\" sizes=\"(max-width: 541px) 100vw, 541px\" \/>\t\t\t\t\t\t\t\t<\/a>\n\t\t\t\t\t\t\t\t\t\t\t\t\t<\/div>\n\t\t\t\t<\/div>\n\t\t\t\t<div class=\"elementor-element elementor-element-ddc84d4 elementor-widget elementor-widget-heading\" data-id=\"ddc84d4\" data-element_type=\"widget\" data-widget_type=\"heading.default\">\n\t\t\t\t<div class=\"elementor-widget-container\">\n\t\t\t<h4 class=\"elementor-heading-title elementor-size-default\"><a href=\"https:\/\/www.banagida.com\/en\/antifog\/\">Antifog Addive<\/a><\/h4>\t\t<\/div>\n\t\t\t\t<\/div>\n\t\t\t\t<\/div>\n\t\t\t\t\t<\/div>\n\t\t\t\t<\/div>\n\t\t\t\t<\/div>","protected":false},"excerpt":{"rendered":"<p>Silaj Stre\u00e7 Film Sera \u00d6rt\u00fcs\u00fc Branda Mal\u00e7 Film Solarizasyon \u00d6rt\u00fcleri Is\u0131 Perde \u00d6rt\u00fcleri Sulama Hortumlar\u0131 Antifog (Bu\u011fu Yapmayan)<\/p>","protected":false},"author":1,"featured_media":0,"parent":0,"menu_order":0,"comment_status":"closed","ping_status":"closed","template":"","meta":{"_joinchat":[],"footnotes":""},"class_list":["post-4157","page","type-page","status-publish","hentry"],"yoast_head":"<!-- This site is optimized with the Yoast SEO plugin v23.6 - https:\/\/yoast.com\/wordpress\/plugins\/seo\/ -->\n<title>Tar\u0131m \u00dcr\u00fcnleri Grubu - Banagida<\/title>\n<meta name=\"robots\" content=\"index, follow, max-snippet:-1, max-image-preview:large, max-video-preview:-1\" \/>\n<link rel=\"canonical\" href=\"https:\/\/www.banagida.com\/en\/tarim-urun\/\" \/>\n<meta property=\"og:locale\" content=\"en_US\" \/>\n<meta property=\"og:type\" content=\"article\" \/>\n<meta property=\"og:title\" content=\"Tar\u0131m \u00dcr\u00fcnleri Grubu - Banagida\" \/>\n<meta property=\"og:description\" content=\"Silaj Stre\u00e7 Film Sera \u00d6rt\u00fcs\u00fc Branda Mal\u00e7 Film Solarizasyon \u00d6rt\u00fcleri Is\u0131 Perde \u00d6rt\u00fcleri Sulama Hortumlar\u0131 Antifog (Bu\u011fu Yapmayan)\" \/>\n<meta property=\"og:url\" content=\"https:\/\/www.banagida.com\/en\/tarim-urun\/\" \/>\n<meta property=\"og:site_name\" content=\"Banagida\" \/>\n<meta property=\"article:modified_time\" content=\"2023-11-02T16:35:15+00:00\" \/>\n<meta property=\"og:image\" content=\"http:\/\/www.banagida.com\/wp-content\/uploads\/2023\/10\/silagestretchfilm.jpg\" \/>\n<meta name=\"twitter:card\" content=\"summary_large_image\" \/>\n<meta name=\"twitter:label1\" content=\"Est. reading time\" \/>\n\t<meta name=\"twitter:data1\" content=\"2 minutes\" \/>\n<script type=\"application\/ld+json\" class=\"yoast-schema-graph\">{\"@context\":\"https:\/\/schema.org\",\"@graph\":[{\"@type\":\"WebPage\",\"@id\":\"https:\/\/www.banagida.com\/tarim-urun\/\",\"url\":\"https:\/\/www.banagida.com\/tarim-urun\/\",\"name\":\"Tar\u0131m \u00dcr\u00fcnleri Grubu - Banagida\",\"isPartOf\":{\"@id\":\"https:\/\/www.banagida.com\/#website\"},\"primaryImageOfPage\":{\"@id\":\"https:\/\/www.banagida.com\/tarim-urun\/#primaryimage\"},\"image\":{\"@id\":\"https:\/\/www.banagida.com\/tarim-urun\/#primaryimage\"},\"thumbnailUrl\":\"http:\/\/www.banagida.com\/wp-content\/uploads\/2023\/10\/silagestretchfilm.jpg\",\"datePublished\":\"2023-10-09T16:50:00+00:00\",\"dateModified\":\"2023-11-02T16:35:15+00:00\",\"breadcrumb\":{\"@id\":\"https:\/\/www.banagida.com\/tarim-urun\/#breadcrumb\"},\"inLanguage\":\"en-US\",\"potentialAction\":[{\"@type\":\"ReadAction\",\"target\":[\"https:\/\/www.banagida.com\/tarim-urun\/\"]}]},{\"@type\":\"ImageObject\",\"inLanguage\":\"en-US\",\"@id\":\"https:\/\/www.banagida.com\/tarim-urun\/#primaryimage\",\"url\":\"http:\/\/www.banagida.com\/wp-content\/uploads\/2023\/10\/silagestretchfilm.jpg\",\"contentUrl\":\"http:\/\/www.banagida.com\/wp-content\/uploads\/2023\/10\/silagestretchfilm.jpg\"},{\"@type\":\"BreadcrumbList\",\"@id\":\"https:\/\/www.banagida.com\/tarim-urun\/#breadcrumb\",\"itemListElement\":[{\"@type\":\"ListItem\",\"position\":1,\"name\":\"Anasayfa\",\"item\":\"https:\/\/www.banagida.com\/\"},{\"@type\":\"ListItem\",\"position\":2,\"name\":\"Tar\u0131m \u00dcr\u00fcnleri Grubu\"}]},{\"@type\":\"WebSite\",\"@id\":\"https:\/\/www.banagida.com\/#website\",\"url\":\"https:\/\/www.banagida.com\/\",\"name\":\"Banagida\",\"description\":\"Banagida\",\"publisher\":{\"@id\":\"https:\/\/www.banagida.com\/#organization\"},\"potentialAction\":[{\"@type\":\"SearchAction\",\"target\":{\"@type\":\"EntryPoint\",\"urlTemplate\":\"https:\/\/www.banagida.com\/?s={search_term_string}\"},\"query-input\":{\"@type\":\"PropertyValueSpecification\",\"valueRequired\":true,\"valueName\":\"search_term_string\"}}],\"inLanguage\":\"en-US\"},{\"@type\":\"Organization\",\"@id\":\"https:\/\/www.banagida.com\/#organization\",\"name\":\"Banagida\",\"url\":\"https:\/\/www.banagida.com\/\",\"logo\":{\"@type\":\"ImageObject\",\"inLanguage\":\"en-US\",\"@id\":\"https:\/\/www.banagida.com\/#\/schema\/logo\/image\/\",\"url\":\"http:\/\/www.banagida.com\/wp-content\/uploads\/2023\/09\/banagidalogo.svg\",\"contentUrl\":\"http:\/\/www.banagida.com\/wp-content\/uploads\/2023\/09\/banagidalogo.svg\",\"width\":1000,\"height\":221,\"caption\":\"Banagida\"},\"image\":{\"@id\":\"https:\/\/www.banagida.com\/#\/schema\/logo\/image\/\"}}]}<\/script>\n<!-- \/ Yoast SEO plugin. -->","yoast_head_json":{"title":"Tar\u0131m \u00dcr\u00fcnleri Grubu - Banagida","robots":{"index":"index","follow":"follow","max-snippet":"max-snippet:-1","max-image-preview":"max-image-preview:large","max-video-preview":"max-video-preview:-1"},"canonical":"https:\/\/www.banagida.com\/en\/tarim-urun\/","og_locale":"en_US","og_type":"article","og_title":"Tar\u0131m \u00dcr\u00fcnleri Grubu - Banagida","og_description":"Silaj Stre\u00e7 Film Sera \u00d6rt\u00fcs\u00fc Branda Mal\u00e7 Film Solarizasyon \u00d6rt\u00fcleri Is\u0131 Perde \u00d6rt\u00fcleri Sulama Hortumlar\u0131 Antifog (Bu\u011fu Yapmayan)","og_url":"https:\/\/www.banagida.com\/en\/tarim-urun\/","og_site_name":"Banagida","article_modified_time":"2023-11-02T16:35:15+00:00","og_image":[{"url":"http:\/\/www.banagida.com\/wp-content\/uploads\/2023\/10\/silagestretchfilm.jpg"}],"twitter_card":"summary_large_image","twitter_misc":{"Est. reading time":"2 minutes"},"schema":{"@context":"https:\/\/schema.org","@graph":[{"@type":"WebPage","@id":"https:\/\/www.banagida.com\/tarim-urun\/","url":"https:\/\/www.banagida.com\/tarim-urun\/","name":"Tar\u0131m \u00dcr\u00fcnleri Grubu - Banagida","isPartOf":{"@id":"https:\/\/www.banagida.com\/#website"},"primaryImageOfPage":{"@id":"https:\/\/www.banagida.com\/tarim-urun\/#primaryimage"},"image":{"@id":"https:\/\/www.banagida.com\/tarim-urun\/#primaryimage"},"thumbnailUrl":"http:\/\/www.banagida.com\/wp-content\/uploads\/2023\/10\/silagestretchfilm.jpg","datePublished":"2023-10-09T16:50:00+00:00","dateModified":"2023-11-02T16:35:15+00:00","breadcrumb":{"@id":"https:\/\/www.banagida.com\/tarim-urun\/#breadcrumb"},"inLanguage":"en-US","potentialAction":[{"@type":"ReadAction","target":["https:\/\/www.banagida.com\/tarim-urun\/"]}]},{"@type":"ImageObject","inLanguage":"en-US","@id":"https:\/\/www.banagida.com\/tarim-urun\/#primaryimage","url":"http:\/\/www.banagida.com\/wp-content\/uploads\/2023\/10\/silagestretchfilm.jpg","contentUrl":"http:\/\/www.banagida.com\/wp-content\/uploads\/2023\/10\/silagestretchfilm.jpg"},{"@type":"BreadcrumbList","@id":"https:\/\/www.banagida.com\/tarim-urun\/#breadcrumb","itemListElement":[{"@type":"ListItem","position":1,"name":"Anasayfa","item":"https:\/\/www.banagida.com\/"},{"@type":"ListItem","position":2,"name":"Tar\u0131m \u00dcr\u00fcnleri Grubu"}]},{"@type":"WebSite","@id":"https:\/\/www.banagida.com\/#website","url":"https:\/\/www.banagida.com\/","name":"Banagida","description":"Banagida","publisher":{"@id":"https:\/\/www.banagida.com\/#organization"},"potentialAction":[{"@type":"SearchAction","target":{"@type":"EntryPoint","urlTemplate":"https:\/\/www.banagida.com\/?s={search_term_string}"},"query-input":{"@type":"PropertyValueSpecification","valueRequired":true,"valueName":"search_term_string"}}],"inLanguage":"en-US"},{"@type":"Organization","@id":"https:\/\/www.banagida.com\/#organization","name":"Banagida","url":"https:\/\/www.banagida.com\/","logo":{"@type":"ImageObject","inLanguage":"en-US","@id":"https:\/\/www.banagida.com\/#\/schema\/logo\/image\/","url":"http:\/\/www.banagida.com\/wp-content\/uploads\/2023\/09\/banagidalogo.svg","contentUrl":"http:\/\/www.banagida.com\/wp-content\/uploads\/2023\/09\/banagidalogo.svg","width":1000,"height":221,"caption":"Banagida"},"image":{"@id":"https:\/\/www.banagida.com\/#\/schema\/logo\/image\/"}}]}},"_links":{"self":[{"href":"https:\/\/www.banagida.com\/en\/wp-json\/wp\/v2\/pages\/4157"}],"collection":[{"href":"https:\/\/www.banagida.com\/en\/wp-json\/wp\/v2\/pages"}],"about":[{"href":"https:\/\/www.banagida.com\/en\/wp-json\/wp\/v2\/types\/page"}],"author":[{"embeddable":true,"href":"https:\/\/www.banagida.com\/en\/wp-json\/wp\/v2\/users\/1"}],"replies":[{"embeddable":true,"href":"https:\/\/www.banagida.com\/en\/wp-json\/wp\/v2\/comments?post=4157"}],"version-history":[{"count":43,"href":"https:\/\/www.banagida.com\/en\/wp-json\/wp\/v2\/pages\/4157\/revisions"}],"predecessor-version":[{"id":4969,"href":"https:\/\/www.banagida.com\/en\/wp-json\/wp\/v2\/pages\/4157\/revisions\/4969"}],"wp:attachment":[{"href":"https:\/\/www.banagida.com\/en\/wp-json\/wp\/v2\/media?parent=4157"}],"curies":[{"name":"wp","href":"https:\/\/api.w.org\/{rel}","templated":true}]}}